{"id":12,"date":"2020-10-12T14:47:57","date_gmt":"2020-10-12T12:47:57","guid":{"rendered":"https:\/\/cdelmas.lpmiaw.univ-lr.fr\/interior-design\/?page_id=12"},"modified":"2020-10-12T18:17:50","modified_gmt":"2020-10-12T16:17:50","slug":"accueil","status":"publish","type":"page","link":"https:\/\/cdelmas.lpmiaw.univ-lr.fr\/interior-design\/","title":{"rendered":"Accueil"},"content":{"rendered":"\n<p>Baroque, \u00e9pur\u00e9e ou boh\u00e8me, la d\u00e9coration r\u00e9alise une perc\u00e9e remarqu\u00e9e dans tous les int\u00e9rieurs et le ph\u00e9nom\u00e8ne n&rsquo;en est qu&rsquo;\u00e0 ses d\u00e9buts. Mais si tout un chacun r\u00eave sur les pi\u00e8ces ultra-look\u00e9es des nombreux magazines consacr\u00e9s \u00e0 la question, tout le monde n&rsquo;a pas forc\u00e9ment le temps, ou le talent, de personnaliser lui-m\u00eame son lieu de vie. C&rsquo;est l\u00e0 qu&rsquo;entre en sc\u00e8ne le&nbsp;<strong>d\u00e9corateur d&rsquo;int\u00e9rieur<\/strong>.<\/p>\n\n\n\n<p>A la diff\u00e9rence de l&rsquo;architecte qui intervient sur la structure des pi\u00e8ces ou l&rsquo;agencement des cloisons, le\u00a0<strong>d\u00e9corateur d&rsquo;int\u00e9rieur<\/strong>\u00a0apporte la touche finale pour cr\u00e9er l&rsquo;ambiance : les rev\u00eatements, le mobiliers, les rideaux, r\u00e9am\u00e9nager une chambre d&rsquo;amis, r\u00e9aliser une fresque murale, rendre fonctionnel, esth\u00e9tique et confortable un espace de travail&#8230; Cr\u00e9atif et cultiv\u00e9, le d\u00e9corateur puise son inspiration dans le monde qui l&rsquo;entoure. Et compose pour ses clients une d\u00e9coration qui leur ressemble.<\/p>\n","protected":false},"excerpt":{"rendered":"<p>Baroque, \u00e9pur\u00e9e ou boh\u00e8me, la d\u00e9coration r\u00e9alise une perc\u00e9e remarqu\u00e9e dans tous les int\u00e9rieurs et le ph\u00e9nom\u00e8ne n&rsquo;en est qu&rsquo;\u00e0 ses d\u00e9buts. Mais si tout un chacun r\u00eave sur les pi\u00e8ces ultra-look\u00e9es des nombreux magazines consacr\u00e9s \u00e0 la question, tout le monde n&rsquo;a pas forc\u00e9ment le temps, ou le talent, de personnaliser lui-m\u00eame son lieu [&hellip;]<\/p>\n","protected":false},"author":1,"featured_media":0,"parent":0,"menu_order":0,"comment_status":"closed","ping_status":"open","template":"","meta":{"footnotes":""},"class_list":["post-12","page","type-page","status-publish","hentry"],"_links":{"self":[{"href":"https:\/\/cdelmas.lpmiaw.univ-lr.fr\/interior-design\/wp-json\/wp\/v2\/pages\/12","targetHints":{"allow":["GET"]}}],"collection":[{"href":"https:\/\/cdelmas.lpmiaw.univ-lr.fr\/interior-design\/wp-json\/wp\/v2\/pages"}],"about":[{"href":"https:\/\/cdelmas.lpmiaw.univ-lr.fr\/interior-design\/wp-json\/wp\/v2\/types\/page"}],"author":[{"embeddable":true,"href":"https:\/\/cdelmas.lpmiaw.univ-lr.fr\/interior-design\/wp-json\/wp\/v2\/users\/1"}],"replies":[{"embeddable":true,"href":"https:\/\/cdelmas.lpmiaw.univ-lr.fr\/interior-design\/wp-json\/wp\/v2\/comments?post=12"}],"version-history":[{"count":3,"href":"https:\/\/cdelmas.lpmiaw.univ-lr.fr\/interior-design\/wp-json\/wp\/v2\/pages\/12\/revisions"}],"predecessor-version":[{"id":48,"href":"https:\/\/cdelmas.lpmiaw.univ-lr.fr\/interior-design\/wp-json\/wp\/v2\/pages\/12\/revisions\/48"}],"wp:attachment":[{"href":"https:\/\/cdelmas.lpmiaw.univ-lr.fr\/interior-design\/wp-json\/wp\/v2\/media?parent=12"}],"curies":[{"name":"wp","href":"https:\/\/api.w.org\/{rel}","templated":true}]}}