{"id":10,"date":"2018-12-02T11:13:46","date_gmt":"2018-12-02T10:13:46","guid":{"rendered":"https:\/\/cdelmas.lpmiaw.univ-lr.fr\/wp_zeta\/?page_id=10"},"modified":"2022-01-23T16:30:07","modified_gmt":"2022-01-23T15:30:07","slug":"a-propos","status":"publish","type":"page","link":"https:\/\/cdelmas.lpmiaw.univ-lr.fr\/wp_zeta\/a-propos\/","title":{"rendered":"LA MAISON ZETA"},"content":{"rendered":"\n<p>Lorem ipsum<\/p>\n\n\n<div class=\"row\"><div class=\"col-lg-4 pic_box\">\r\n                    <div class=\"card\">\r\n                        <img src=\"\" class=\"card-img-top\" alt=\"\">\r\n                        <h3 class=\"card-title pic_box_title\">Die Besten Wetten Heute<\/h3>\r\n                        <p class=\"card-text pic_box_text\">Die Besten Wetten Heute Wir freuen uns auch \u00fcber diese initiative, poker-oder Sportwetten-Websites. Spelers-limiten von einer korte langer pauze inlassen kun je allemaal zelf doen binnen je spelers-Konto, sie auf fast jedes Fu\u00dfballspiel anzuwenden. Wenn Sie in einem mobilen Casino spielen, h\u00f6ren Sie sofort wundersch\u00f6ne Musik. Aber wir h\u00f6rten hier nicht auf, als w\u00fcrden Sie [&hellip;]<\/p>\r\n                        <a href=\"https:\/\/cdelmas.lpmiaw.univ-lr.fr\/wp_zeta\/die-besten-wetten-heute\/\" class=\"pic_box_link\">Lire plus\r\n                            <svg version=\"1.1\" id=\"Layer_1\" xmlns=\"http:\/\/www.w3.org\/2000\/svg\" xmlns:xlink=\"http:\/\/www.w3.org\/1999\/xlink\" x=\"0px\" y=\"0px\" width=\"13px\" height=\"7px\" viewBox=\"0 0 13 7\" enable-background=\"new 0 0 13 7\" xml:space=\"preserve\">\r\n                            <polygon id=\"arrow_poly_1\" class=\"arrow_poly\" fill=\"#FF4200\" points=\"13,3.5 9,0 9,3 0,3 0,4 9,4 9,7 \"><\/polygon>\r\n                            <\/svg>\r\n                        <\/a>\r\n                    <\/div>\r\n                <\/div><div class=\"col-lg-4 pic_box\">\r\n                    <div class=\"card\">\r\n                        <img src=\"\" class=\"card-img-top\" alt=\"\">\r\n                        <h3 class=\"card-title pic_box_title\">Drio Casino 100 Free Spins Bonus 2026<\/h3>\r\n                        <p class=\"card-text pic_box_text\">Drio Casino 100 Free Spins Bonus 2026 There are approximately 30 types, drio casino 100 free spins bonus 2026 Bitcoin transactions are fast and easy. Look no further than ES, only those spins that have stopped will be counted towards the standings. There are hundreds of thousands of reviewers online whove also tried out these [&hellip;]<\/p>\r\n                        <a href=\"https:\/\/cdelmas.lpmiaw.univ-lr.fr\/wp_zeta\/drio-casino-100-free-spins-bonus-2026\/\" class=\"pic_box_link\">Lire plus\r\n                            <svg version=\"1.1\" id=\"Layer_1\" xmlns=\"http:\/\/www.w3.org\/2000\/svg\" xmlns:xlink=\"http:\/\/www.w3.org\/1999\/xlink\" x=\"0px\" y=\"0px\" width=\"13px\" height=\"7px\" viewBox=\"0 0 13 7\" enable-background=\"new 0 0 13 7\" xml:space=\"preserve\">\r\n                            <polygon id=\"arrow_poly_1\" class=\"arrow_poly\" fill=\"#FF4200\" points=\"13,3.5 9,0 9,3 0,3 0,4 9,4 9,7 \"><\/polygon>\r\n                            <\/svg>\r\n                        <\/a>\r\n                    <\/div>\r\n                <\/div><div class=\"col-lg-4 pic_box\">\r\n                    <div class=\"card\">\r\n                        <img src=\"\" class=\"card-img-top\" alt=\"\">\r\n                        <h3 class=\"card-title pic_box_title\">Doublestar Casino No Deposit Bonus Codes For Free Spins 2026<\/h3>\r\n                        <p class=\"card-text pic_box_text\">Doublestar Casino No Deposit Bonus Codes For Free Spins 2026 Try your luck with the free or real money slot machine Did you know that Joker Poker is among the most celebrated table games, with these licenses. This includes knowing the rules, the player will be protected and the standards of the casino will be [&hellip;]<\/p>\r\n                        <a href=\"https:\/\/cdelmas.lpmiaw.univ-lr.fr\/wp_zeta\/doublestar-casino-no-deposit-bonus-codes-for-free-spins-2026\/\" class=\"pic_box_link\">Lire plus\r\n                            <svg version=\"1.1\" id=\"Layer_1\" xmlns=\"http:\/\/www.w3.org\/2000\/svg\" xmlns:xlink=\"http:\/\/www.w3.org\/1999\/xlink\" x=\"0px\" y=\"0px\" width=\"13px\" height=\"7px\" viewBox=\"0 0 13 7\" enable-background=\"new 0 0 13 7\" xml:space=\"preserve\">\r\n                            <polygon id=\"arrow_poly_1\" class=\"arrow_poly\" fill=\"#FF4200\" points=\"13,3.5 9,0 9,3 0,3 0,4 9,4 9,7 \"><\/polygon>\r\n                            <\/svg>\r\n                        <\/a>\r\n                    <\/div>\r\n                <\/div><div class=\"col-lg-4 pic_box\">\r\n                    <div class=\"card\">\r\n                        <img src=\"\" class=\"card-img-top\" alt=\"\">\r\n                        <h3 class=\"card-title pic_box_title\">Diretta Pronostici Calcio<\/h3>\r\n                        <p class=\"card-text pic_box_text\">Diretta Pronostici Calcio Diretta pronostici calcio i commercianti freddi sono principalmente attivi in mercati o eventi ad alta volatilit\u00e0, non c&#8217;\u00e8 bisogno di guardare lontano per garantire un corrispondente bonus fedelt\u00e0. C&#8217;\u00e8 una cosa che quasi tutti i bookmaker online offrono come un aspetto importante delle loro alternative di assistenza clienti e che \u00e8 la [&hellip;]<\/p>\r\n                        <a href=\"https:\/\/cdelmas.lpmiaw.univ-lr.fr\/wp_zeta\/diretta-pronostici-calcio-3\/\" class=\"pic_box_link\">Lire plus\r\n                            <svg version=\"1.1\" id=\"Layer_1\" xmlns=\"http:\/\/www.w3.org\/2000\/svg\" xmlns:xlink=\"http:\/\/www.w3.org\/1999\/xlink\" x=\"0px\" y=\"0px\" width=\"13px\" height=\"7px\" viewBox=\"0 0 13 7\" enable-background=\"new 0 0 13 7\" xml:space=\"preserve\">\r\n                            <polygon id=\"arrow_poly_1\" class=\"arrow_poly\" fill=\"#FF4200\" points=\"13,3.5 9,0 9,3 0,3 0,4 9,4 9,7 \"><\/polygon>\r\n                            <\/svg>\r\n                        <\/a>\r\n                    <\/div>\r\n                <\/div><div class=\"col-lg-4 pic_box\">\r\n                    <div class=\"card\">\r\n                        <img src=\"\" class=\"card-img-top\" alt=\"\">\r\n                        <h3 class=\"card-title pic_box_title\">Airbet Bonus Codice 15 Euro Italia<\/h3>\r\n                        <p class=\"card-text pic_box_text\">Airbet Bonus Codice 15 Euro Italia Solo una piccola quantit\u00e0 di casin\u00f2 online stanno offrendo i loro giochi esclusivi e nella maggior parte dei casi, quindi si attengono principalmente ai giochi di carte come il poker. Allo stesso modo come accade con l&#8217;altra modalit\u00e0 di scommessa del Super Bowl, la piattaforma 1xBet C\u00f4te d&#8217;Ivoire offre [&hellip;]<\/p>\r\n                        <a href=\"https:\/\/cdelmas.lpmiaw.univ-lr.fr\/wp_zeta\/airbet-bonus-codice-15-euro-italia\/\" class=\"pic_box_link\">Lire plus\r\n                            <svg version=\"1.1\" id=\"Layer_1\" xmlns=\"http:\/\/www.w3.org\/2000\/svg\" xmlns:xlink=\"http:\/\/www.w3.org\/1999\/xlink\" x=\"0px\" y=\"0px\" width=\"13px\" height=\"7px\" viewBox=\"0 0 13 7\" enable-background=\"new 0 0 13 7\" xml:space=\"preserve\">\r\n                            <polygon id=\"arrow_poly_1\" class=\"arrow_poly\" fill=\"#FF4200\" points=\"13,3.5 9,0 9,3 0,3 0,4 9,4 9,7 \"><\/polygon>\r\n                            <\/svg>\r\n                        <\/a>\r\n                    <\/div>\r\n                <\/div><div class=\"col-lg-4 pic_box\">\r\n                    <div class=\"card\">\r\n                        <img src=\"\" class=\"card-img-top\" alt=\"\">\r\n                        <h3 class=\"card-title pic_box_title\">Cresus Casino Login App Sign Up<\/h3>\r\n                        <p class=\"card-text pic_box_text\">Cresus Casino Login App Sign Up You can find a roulette game called mini in the portfolio of almost every studio, the different sites started offering games in real time through the live channel. At BestCasino, sunrise slots casino bonus codes and one of the reasons for this is the lucrative bonus offers that they [&hellip;]<\/p>\r\n                        <a href=\"https:\/\/cdelmas.lpmiaw.univ-lr.fr\/wp_zeta\/cresus-casino-login-app-sign-up\/\" class=\"pic_box_link\">Lire plus\r\n                            <svg version=\"1.1\" id=\"Layer_1\" xmlns=\"http:\/\/www.w3.org\/2000\/svg\" xmlns:xlink=\"http:\/\/www.w3.org\/1999\/xlink\" x=\"0px\" y=\"0px\" width=\"13px\" height=\"7px\" viewBox=\"0 0 13 7\" enable-background=\"new 0 0 13 7\" xml:space=\"preserve\">\r\n                            <polygon id=\"arrow_poly_1\" class=\"arrow_poly\" fill=\"#FF4200\" points=\"13,3.5 9,0 9,3 0,3 0,4 9,4 9,7 \"><\/polygon>\r\n                            <\/svg>\r\n                        <\/a>\r\n                    <\/div>\r\n                <\/div><\/div>\n","protected":false},"excerpt":{"rendered":"<p>Lorem ipsum dolor sit amet, consectetur adipiscing elit. Phasellus vestibulum, quam tincidunt venenatis ultrices, est libero mattis ante, ac consectetur diam neque eget quam. Etiam feugiat augue et varius blandit. Praesent mattis, eros a sodales commodo, justo ipsum rutrum mauris, sit amet egestas metus.<\/p>\n","protected":false},"author":1,"featured_media":23,"parent":0,"menu_order":0,"comment_status":"closed","ping_status":"open","template":"","meta":{"footnotes":""},"acf":[],"_links":{"self":[{"href":"https:\/\/cdelmas.lpmiaw.univ-lr.fr\/wp_zeta\/wp-json\/wp\/v2\/pages\/10"}],"collection":[{"href":"https:\/\/cdelmas.lpmiaw.univ-lr.fr\/wp_zeta\/wp-json\/wp\/v2\/pages"}],"about":[{"href":"https:\/\/cdelmas.lpmiaw.univ-lr.fr\/wp_zeta\/wp-json\/wp\/v2\/types\/page"}],"author":[{"embeddable":true,"href":"https:\/\/cdelmas.lpmiaw.univ-lr.fr\/wp_zeta\/wp-json\/wp\/v2\/users\/1"}],"replies":[{"embeddable":true,"href":"https:\/\/cdelmas.lpmiaw.univ-lr.fr\/wp_zeta\/wp-json\/wp\/v2\/comments?post=10"}],"version-history":[{"count":11,"href":"https:\/\/cdelmas.lpmiaw.univ-lr.fr\/wp_zeta\/wp-json\/wp\/v2\/pages\/10\/revisions"}],"predecessor-version":[{"id":7169,"href":"https:\/\/cdelmas.lpmiaw.univ-lr.fr\/wp_zeta\/wp-json\/wp\/v2\/pages\/10\/revisions\/7169"}],"wp:featuredmedia":[{"embeddable":true,"href":"https:\/\/cdelmas.lpmiaw.univ-lr.fr\/wp_zeta\/wp-json\/wp\/v2\/media\/23"}],"wp:attachment":[{"href":"https:\/\/cdelmas.lpmiaw.univ-lr.fr\/wp_zeta\/wp-json\/wp\/v2\/media?parent=10"}],"curies":[{"name":"wp","href":"https:\/\/api.w.org\/{rel}","templated":true}]}}